{"id":323,"date":"2017-09-08T09:26:03","date_gmt":"2017-09-08T16:26:03","guid":{"rendered":"http:\/\/www.ibmlaherencia.org\/?page_id=323"},"modified":"2023-03-14T11:11:08","modified_gmt":"2023-03-14T18:11:08","slug":"nosotros","status":"publish","type":"page","link":"https:\/\/www.ibmlaherencia.org\/en\/nosotros\/","title":{"rendered":"We"},"content":{"rendered":"<div data-elementor-type=\"wp-page\" data-elementor-id=\"323\" class=\"elementor elementor-323\" data-elementor-post-type=\"page\">\n\t\t\t\t\t\t<section class=\"elementor-section elementor-top-section elementor-element elementor-element-43c8106 elementor-section-boxed elementor-section-height-default elementor-section-height-default\" data-id=\"43c8106\" data-element_type=\"section\" data-e-type=\"section\">\n\t\t\t\t\t\t<div class=\"elementor-container elementor-column-gap-default\">\n\t\t\t\t\t<div class=\"elementor-column elementor-col-100 elementor-top-column elementor-element elementor-element-aaf617c\" data-id=\"aaf617c\" data-element_type=\"column\" data-e-type=\"column\">\n\t\t\t<div class=\"elementor-widget-wrap elementor-element-populated\">\n\t\t\t\t\t\t<div class=\"elementor-element elementor-element-26ce4e7 elementor-widget elementor-widget-heading\" data-id=\"26ce4e7\" data-element_type=\"widget\" data-e-type=\"widget\" data-widget_type=\"heading.default\">\n\t\t\t\t<div class=\"elementor-widget-container\">\n\t\t\t\t\t<h2 class=\"elementor-heading-title elementor-size-default\">Quienes somos y en que Creemos<\/h2>\t\t\t\t<\/div>\n\t\t\t\t<\/div>\n\t\t\t\t<div class=\"elementor-element elementor-element-0c635f1 elementor-widget elementor-widget-image\" data-id=\"0c635f1\" data-element_type=\"widget\" data-e-type=\"widget\" data-widget_type=\"image.default\">\n\t\t\t\t<div class=\"elementor-widget-container\">\n\t\t\t\t\t\t\t\t\t\t\t\t\t\t\t<img fetchpriority=\"high\" decoding=\"async\" width=\"1024\" height=\"589\" src=\"https:\/\/www.ibmlaherencia.org\/wp-content\/uploads\/2023\/02\/church-octubre-mejorado-1024x589.png\" class=\"attachment-large size-large wp-image-8529\" alt=\"\" srcset=\"https:\/\/www.ibmlaherencia.org\/wp-content\/uploads\/2023\/02\/church-octubre-mejorado-1024x589.png.webp 1024w, https:\/\/www.ibmlaherencia.org\/wp-content\/uploads\/2023\/02\/church-octubre-mejorado-300x172.png.webp 300w, https:\/\/www.ibmlaherencia.org\/wp-content\/uploads\/2023\/02\/church-octubre-mejorado-768x441.png.webp 768w, https:\/\/www.ibmlaherencia.org\/wp-content\/uploads\/2023\/02\/church-octubre-mejorado.png.webp 1284w\" sizes=\"(max-width: 1024px) 100vw, 1024px\" \/>\t\t\t\t\t\t\t\t\t\t\t\t\t\t\t<\/div>\n\t\t\t\t<\/div>\n\t\t\t\t<div class=\"elementor-element elementor-element-18a45cf elementor-widget elementor-widget-text-editor\" data-id=\"18a45cf\" data-element_type=\"widget\" data-e-type=\"widget\" data-widget_type=\"text-editor.default\">\n\t\t\t\t<div class=\"elementor-widget-container\">\n\t\t\t\t\t\t\t\t\t<p style=\"text-align: center;\">Somos un grupo de personas regeneradas por el Esp\u00edritu Santo que nos llamamos Iglesia y nuestros principios de fe est\u00e1n perfectamente propuestos en la Palara de Dios. Atendemos el llamado en obediencia de la gran comisi\u00f3n seg\u00fan las Palabras del propio Se\u00f1or JESUCRISTO en Mateo 28.18-19<\/p>\t\t\t\t\t\t\t\t<\/div>\n\t\t\t\t<\/div>\n\t\t\t\t<div class=\"elementor-element elementor-element-850d2b1 elementor-widget elementor-widget-text-editor\" data-id=\"850d2b1\" data-element_type=\"widget\" data-e-type=\"widget\" data-widget_type=\"text-editor.default\">\n\t\t\t\t<div class=\"elementor-widget-container\">\n\t\t\t\t\t\t\t\t\t<p><strong>En Creencias Esenciales \u2013 Tenemos Unidad.<\/strong><\/p><p>\u201cUn cuerpo y un Esp\u00edritu&#8230;un Se\u00f1or, una fe, un bautismo, un Dios y Padre de todos&#8230;\u201d. Efesios 4:4-6.<\/p><p><strong>H<\/strong><strong>ay Cosas Fundamentales En Las Que Creemos,<\/strong><\/p><p>Creemos que Jesucristo es el Hijo de Dios, que la Biblia es la Palabra de Dios, que la iglesia es la familia de Cristo.<\/p><p><strong>En Creencias No Esenciales \u2013 Tenemos Libertad.<\/strong><\/p><p>\u201cRecibid al d\u00e9bil en la fe, pero no para contender sobre opiniones&#8230;T\u00fa qui\u00e9n eres que juzgas al criado ajeno? Para su propio se\u00f1or est\u00e1 en pie o cae&#8230;De manera que cada uno de nosotros dar\u00e1 cuenta de s\u00ed&#8230;Tienes t\u00fa fe? Tenla para contigo delante de Dios.\u201d Romanos 14:1,4,12,22<\/p>\t\t\t\t\t\t\t\t<\/div>\n\t\t\t\t<\/div>\n\t\t\t\t<div class=\"elementor-element elementor-element-9b03f90 elementor-widget elementor-widget-text-editor\" data-id=\"9b03f90\" data-element_type=\"widget\" data-e-type=\"widget\" data-widget_type=\"text-editor.default\">\n\t\t\t\t<div class=\"elementor-widget-container\">\n\t\t\t\t\t\t\t\t\t<p>CREENCIAS ESENCIALES<br \/>SOBRE DIOS<br \/>Dios es el Creador y Gobernador del Universo. \u00c9l ha existido eternamente en tres personalidades: el Padre, el Hijo, y el <br \/>Esp\u00edritu Santo, y a la vez es un solo Dios.<br \/>Gen. 1:1, 26, 27 ,Gen. 3:22, Salmos 90:2, Mateo 28:19, 1 Pedro 1:2, 11 Cor. 13:14. <br \/>SOBRE JESUCRISTO<br \/>Jesucristo es el Hijo de Dios, y es co-igual con el Padre. Jes\u00fas vivi\u00f3 una vida humana sin pecado y se ofreci\u00f3 asimismo como <br \/>el sacrificio perfecto por los pecados de toda la humanidad, muriendo en la cruz. El resucit\u00f3 de la muerte a los tres d\u00edas <br \/>para demostrar Su poder sobre el pecado y sobre la muerte. El ascendi\u00f3 a la gloria del cielo y regresar\u00e1 alg\u00fan d\u00eda a la tierra <br \/>para reinar como Rey de Reyes, y Se\u00f1or de Se\u00f1ores. Mateo 1:22,23, Is. 9:6, Jn. 1:1-5, 14:10-30, Heb. 4:14-<br \/>15, 1 Cor. 15:3,4 , Romanos 1:3-4, Hechos 1:9-11, 1Tim. 6:14-15, Tito 2:13.<br \/>SOBRE EL ESPIRITU SANTO<br \/>El Esp\u00edritu Santo es co-igual con el Padre y el Hijo de Dios. El est\u00e1 presente en el mundo para hacer reconocer a las <br \/>personas su necesidad de Jesucristo. El tambi\u00e9n vive en cada creyente desde el momento de la salvaci\u00f3n.<br \/>El provee al cristiano el poder para vivir, el entendimiento de la verdad espiritual, y la gu\u00eda para hacer lo que es correcto. El <br \/>da a creyente un don espiritual cuando aceptan a Cristo. Como cristianos buscamos vivir bajo su control diariamente.<br \/>2 Cor. 3:17, Jn. 16:7-13, Jn. 14:16-17, Hechos 1:8, 1 Cor.2:12,3:16, Efesios 1:13, G\u00e1latas 5:25, Efesios 5:18.<br \/>SOBRE LA BIBLIA<br \/>La Biblia es la Palabra de Dios para nosotros. Fue escrita por autores humanos, bajo la gu\u00eda sobrenatural<br \/>del Esp\u00edritu Santo. Es la suprema fuente de verdad para las creencias cristianas y para el estilo de vida tambi\u00e9n. Ya que es <br \/>inspirada por Dios, es la verdad sin ning\u00fan tipo de error.<br \/>2 Tim. 3:16, 11 Pedro 1:20,21, 11 Tim. 1:13, Salmos 119:105,160, 12:6, Prov. 30:5.<br \/>LOS SERES HUMANOS<br \/>Las personas han sido creadas a la imagen espiritual de Dios, para ser como El en cuanto al car\u00e1cter se refiere. Las <br \/>personas son el objeto supremo de la creaci\u00f3n de Dios. A pesar que cada persona tiene un gran potencial para hacer el <br \/>bien, todos estamos bajo una actitud inherente de desobediencia ante Dios, a esto llamamos \u201cpecado\u201d. Esta actitud <br \/>separa a las personas de Dios y causa muchos problemas en la vida. <br \/>Gen. 1:27, Salmos 8:3-6, Is. 53:6\u00aa, Rom. 3:23. Is. 59:1-2.<br \/>SOBRE LA SALVACION<br \/>La Salvaci\u00f3n es un regalo de Dios para nosotros, pero debemos aceptarlo. Nunca podremos estar libres de nuestro pecado <br \/>por nuestro propio esfuerzo o por nuestras buenas obras. S\u00f3lo confiando en Jesucristo como la oferta de perd\u00f3n que Dios <br \/>tiene para nosotros cualquier persona podr\u00e1 ser salva del castigo de los pecados. Cuando cambiamos de una vida <br \/>gobernada por nosotros mismos y pasamos a una vida de fe en Jesucristo, somos salvos. La Vida Eterna empieza desde el <br \/>momento en que uno recibe a Jesucristo en su vida a trav\u00e9s de la fe.<br \/>Rom. 6:23, Efesios 2:8-9, Jn. 14:6, 1:12, Tito 3:5, G\u00e1latas 3:26, Rom. 5:1<br \/>SOBRE LA SEGURIDAD ETERNA<br \/>Debido a que Dios nos da la vida eterna por medio de Jesucristo, el creyente verdadero est\u00e1 seguro en esa salvaci\u00f3n por la <br \/>eternidad. Si uno ha sido salvo genuinamente, no puede entonces \u2018perder\u2019 la salvaci\u00f3n. La salvaci\u00f3n se mantiene por la <br \/>gracia y el poder de Dios, no por el propio esfuerzo del cristiano. Es la gracia y el poder de Dios que nos da esa seguridad.<br \/>Jn. 10:29, 11 Tim. 1:12, Heb. 7:25, Heb. 10:10,14, 1 Pedro 1:3-5.<br \/>SOBRE LA ETERNIDAD<br \/>Las personas fueron creadas para vivir eternamente. Ya sea que existamos eternamente separados de Dios por el pecado, <br \/>o eternamente con Dios por medio del perd\u00f3n y la salvaci\u00f3n. Para estar separados eternamente de Dios, est\u00e1 el infierno. <br \/>Para estar en uni\u00f3n eterna con \u00c9l est\u00e1 la vida eterna. El Cielo y el Infierno son lugares reales de existencia eterna.<br \/>Jn. 3:16, Jn. 14:17, Rom. 6:23, Rom. 8:17-18, Apoc. 20:15, 1 Cor. 2:7-9.<\/p>\t\t\t\t\t\t\t\t<\/div>\n\t\t\t\t<\/div>\n\t\t\t\t\t<\/div>\n\t\t<\/div>\n\t\t\t\t\t<\/div>\n\t\t<\/section>\n\t\t\t\t<\/div>","protected":false},"excerpt":{"rendered":"<p>Quienes somos y en que Creemos Somos un grupo de personas regeneradas por el Esp\u00edritu Santo que nos llamamos Iglesia y nuestros principios de fe est\u00e1n perfectamente propuestos en la Palara de Dios. Atendemos el llamado en obediencia de la gran comisi\u00f3n seg\u00fan las Palabras del propio Se\u00f1or JESUCRISTO en Mateo 28.18-19 En Creencias Esenciales [&hellip;]<\/p>\n","protected":false},"author":2,"featured_media":0,"parent":0,"menu_order":23,"comment_status":"closed","ping_status":"closed","template":"","meta":{"site-sidebar-layout":"default","site-content-layout":"default","ast-site-content-layout":"default","site-content-style":"default","site-sidebar-style":"default","ast-global-header-display":"","ast-banner-title-visibility":"","ast-main-header-display":"","ast-hfb-above-header-display":"","ast-hfb-below-header-display":"","ast-hfb-mobile-header-display":"","site-post-title":"","ast-breadcrumbs-content":"","ast-featured-img":"","footer-sml-layout":"","ast-disable-related-posts":"","theme-transparent-header-meta":"default","adv-header-id-meta":"","stick-header-meta":"","header-above-stick-meta":"","header-main-stick-meta":"","header-below-stick-meta":"","astra-migrate-meta-layouts":"default","ast-page-background-enabled":"default","ast-page-background-meta":{"desktop":{"background-color":"var(--ast-global-color-4)","background-image":"","background-repeat":"repeat","background-position":"center center","background-size":"auto","background-attachment":"scroll","background-type":"","background-media":"","overlay-type":"","overlay-color":"","overlay-opacity":"","overlay-gradient":""},"tablet":{"background-color":"","background-image":"","background-repeat":"repeat","background-position":"center center","background-size":"auto","background-attachment":"scroll","background-type":"","background-media":"","overlay-type":"","overlay-color":"","overlay-opacity":"","overlay-gradient":""},"mobile":{"background-color":"","background-image":"","background-repeat":"repeat","background-position":"center center","background-size":"auto","background-attachment":"scroll","background-type":"","background-media":"","overlay-type":"","overlay-color":"","overlay-opacity":"","overlay-gradient":""}},"ast-content-background-meta":{"desktop":{"background-color":"var(--ast-global-color-5)","background-image":"","background-repeat":"repeat","background-position":"center center","background-size":"auto","background-attachment":"scroll","background-type":"","background-media":"","overlay-type":"","overlay-color":"","overlay-opacity":"","overlay-gradient":""},"tablet":{"background-color":"var(--ast-global-color-5)","background-image":"","background-repeat":"repeat","background-position":"center center","background-size":"auto","background-attachment":"scroll","background-type":"","background-media":"","overlay-type":"","overlay-color":"","overlay-opacity":"","overlay-gradient":""},"mobile":{"background-color":"var(--ast-global-color-5)","background-image":"","background-repeat":"repeat","background-position":"center center","background-size":"auto","background-attachment":"scroll","background-type":"","background-media":"","overlay-type":"","overlay-color":"","overlay-opacity":"","overlay-gradient":""}},"footnotes":""},"class_list":["post-323","page","type-page","status-publish","hentry"],"_links":{"self":[{"href":"https:\/\/www.ibmlaherencia.org\/en\/wp-json\/wp\/v2\/pages\/323","targetHints":{"allow":["GET"]}}],"collection":[{"href":"https:\/\/www.ibmlaherencia.org\/en\/wp-json\/wp\/v2\/pages"}],"about":[{"href":"https:\/\/www.ibmlaherencia.org\/en\/wp-json\/wp\/v2\/types\/page"}],"author":[{"embeddable":true,"href":"https:\/\/www.ibmlaherencia.org\/en\/wp-json\/wp\/v2\/users\/2"}],"replies":[{"embeddable":true,"href":"https:\/\/www.ibmlaherencia.org\/en\/wp-json\/wp\/v2\/comments?post=323"}],"version-history":[{"count":0,"href":"https:\/\/www.ibmlaherencia.org\/en\/wp-json\/wp\/v2\/pages\/323\/revisions"}],"wp:attachment":[{"href":"https:\/\/www.ibmlaherencia.org\/en\/wp-json\/wp\/v2\/media?parent=323"}],"curies":[{"name":"wp","href":"https:\/\/api.w.org\/{rel}","templated":true}]}}